{"id":465,"date":"2025-10-04T14:51:02","date_gmt":"2025-10-04T14:51:02","guid":{"rendered":"https:\/\/energyris.com\/?page_id=465"},"modified":"2025-12-20T11:57:57","modified_gmt":"2025-12-20T11:57:57","slug":"subvenciones","status":"publish","type":"page","link":"https:\/\/energyris.com\/index.php\/subvenciones\/","title":{"rendered":"Subvenciones"},"content":{"rendered":"<section class=\"av_textblock_section \"  itemscope=\"itemscope\" itemtype=\"https:\/\/schema.org\/CreativeWork\" ><div class='avia_textblock  '   itemprop=\"text\" ><\/p>\n<h2 class=\"wp-block-heading\">Subvenciones recibidas<\/h2>\n<p><strong>GOBIERNO DE CANARIAS<\/strong><\/p>\n<ul>\n<li>Subvenci\u00f3n de 49.700 euros para el impulso de <strong>proyectos de innovaci\u00f3n disruptiva<\/strong> en Canarias (2023), concedida por la Consejer\u00eda de Econom\u00eda, Conocimiento y Empleo del Gobierno de Canarias (diciembre 2023 &#8211; noviembre 2024).<\/li>\n<\/ul>\n<p><img loading=\"lazy\" decoding=\"async\" class=\"wp-image-241 aligncenter\" src=\"http:\/\/energyris.com\/wp-content\/uploads\/2024\/05\/anagrama-consejeria-Gobcan.png\" alt=\"\" width=\"259\" height=\"145\" \/><\/p>\n<ul>\n<li>Subvenci\u00f3n de 6.119,20 \u20ac para la instalaci\u00f3n de una <strong>planta fotovoltaica para crear nuestra comunidad energ\u00e9tica real,<\/strong> de 5,5 kWp y 21,6 kWh de almacenamiento en bater\u00edas, concedida el 13 de septiembre de 2024, dentro del Programa para el Fomento del Autoconsumo Compartido y el Desarrollos de Comunidades energ\u00e9ticas en diferentes sectores, dentro del Programa de Concesi\u00f3n directa de ayudas para las Illes Balears y Canarias en el marco del Plan de Recuperaci\u00f3n, Transformaci\u00f3n y Resiliencia financiado por la Uni\u00f3n Europea (Next GenerationEU\u00a0 #PlandeRecuperacion).<\/li>\n<\/ul>\n<p><img loading=\"lazy\" decoding=\"async\" class=\"alignnone wp-image-262\" src=\"http:\/\/energyris.com\/wp-content\/uploads\/2024\/10\/Imagen3-300x31.jpg\" alt=\"\" width=\"435\" height=\"45\" srcset=\"https:\/\/energyris.com\/wp-content\/uploads\/2024\/10\/Imagen3-300x31.jpg 300w, https:\/\/energyris.com\/wp-content\/uploads\/2024\/10\/Imagen3-1030x107.jpg 1030w, https:\/\/energyris.com\/wp-content\/uploads\/2024\/10\/Imagen3-768x80.jpg 768w, https:\/\/energyris.com\/wp-content\/uploads\/2024\/10\/Imagen3-705x73.jpg 705w, https:\/\/energyris.com\/wp-content\/uploads\/2024\/10\/Imagen3-1210x129.jpg 1210w, https:\/\/energyris.com\/wp-content\/uploads\/2024\/10\/Imagen3.jpg 1240w\" sizes=\"auto, (max-width: 435px) 100vw, 435px\" \/><img loading=\"lazy\" decoding=\"async\" class=\"alignnone wp-image-261\" src=\"http:\/\/energyris.com\/wp-content\/uploads\/2024\/10\/Imagen2-300x32.jpg\" alt=\"\" width=\"384\" height=\"41\" srcset=\"https:\/\/energyris.com\/wp-content\/uploads\/2024\/10\/Imagen2-300x32.jpg 300w, https:\/\/energyris.com\/wp-content\/uploads\/2024\/10\/Imagen2-1030x110.jpg 1030w, https:\/\/energyris.com\/wp-content\/uploads\/2024\/10\/Imagen2-768x82.jpg 768w, https:\/\/energyris.com\/wp-content\/uploads\/2024\/10\/Imagen2-705x76.jpg 705w, https:\/\/energyris.com\/wp-content\/uploads\/2024\/10\/Imagen2-1210x133.jpg 1210w, https:\/\/energyris.com\/wp-content\/uploads\/2024\/10\/Imagen2.jpg 1240w\" sizes=\"auto, (max-width: 384px) 100vw, 384px\" \/><\/p>\n<ul>\n<li>Subvenci\u00f3n de 50.000 euros para el impulso de <strong>proyectos de innovaci\u00f3n disruptiva<\/strong> en Canarias (2023), concedida por la Consejer\u00eda de Econom\u00eda, Conocimiento y Empleo del Gobierno de Canarias (diciembre 2025 &#8211; noviembre 2026).<\/li>\n<\/ul>\n<p><img loading=\"lazy\" decoding=\"async\" class=\"wp-image-241 aligncenter\" src=\"http:\/\/energyris.com\/wp-content\/uploads\/2024\/05\/anagrama-consejeria-Gobcan.png\" alt=\"\" width=\"259\" height=\"145\" \/><\/p>\n<ul>\n<li>Subvenci\u00f3n de 17.113,35 euros para el desarrollo del proyecto denominado <strong>\u00abComunidad Ciudadana de Energ\u00eda Adeje Verde\u00bb<\/strong>, dentro del Programa 2, L\u00ednea 2: Subvenci\u00f3n para la Creaci\u00f3n y Funcionamiento de Comunidades Energ\u00e9ticas, en el Marco de la Estrategia de Energ\u00eda Sostenible en las Islas Canarias, acogida al Programa de Concesi\u00f3n Directa de Ayudas para las Illes Balears y Canarias en el Marco del Plan de Recuperaci\u00f3n, Transformaci\u00f3n y Resiliencia financiado por la Uni\u00f3n Europea, NextGenerationEU (1 de septiembre de 2024 &#8211; 19 de diciembre de 2025).<\/li>\n<\/ul>\n<p><img loading=\"lazy\" decoding=\"async\" class=\"alignnone wp-image-262\" src=\"http:\/\/energyris.com\/wp-content\/uploads\/2024\/10\/Imagen3-300x31.jpg\" alt=\"\" width=\"397\" height=\"41\" srcset=\"https:\/\/energyris.com\/wp-content\/uploads\/2024\/10\/Imagen3-300x31.jpg 300w, https:\/\/energyris.com\/wp-content\/uploads\/2024\/10\/Imagen3-1030x107.jpg 1030w, https:\/\/energyris.com\/wp-content\/uploads\/2024\/10\/Imagen3-768x80.jpg 768w, https:\/\/energyris.com\/wp-content\/uploads\/2024\/10\/Imagen3-705x73.jpg 705w, https:\/\/energyris.com\/wp-content\/uploads\/2024\/10\/Imagen3-1210x129.jpg 1210w, https:\/\/energyris.com\/wp-content\/uploads\/2024\/10\/Imagen3.jpg 1240w\" sizes=\"auto, (max-width: 397px) 100vw, 397px\" \/><img loading=\"lazy\" decoding=\"async\" class=\"alignnone wp-image-261\" src=\"http:\/\/energyris.com\/wp-content\/uploads\/2024\/10\/Imagen2-300x32.jpg\" alt=\"\" width=\"394\" height=\"42\" srcset=\"https:\/\/energyris.com\/wp-content\/uploads\/2024\/10\/Imagen2-300x32.jpg 300w, https:\/\/energyris.com\/wp-content\/uploads\/2024\/10\/Imagen2-1030x110.jpg 1030w, https:\/\/energyris.com\/wp-content\/uploads\/2024\/10\/Imagen2-768x82.jpg 768w, https:\/\/energyris.com\/wp-content\/uploads\/2024\/10\/Imagen2-705x76.jpg 705w, https:\/\/energyris.com\/wp-content\/uploads\/2024\/10\/Imagen2-1210x133.jpg 1210w, https:\/\/energyris.com\/wp-content\/uploads\/2024\/10\/Imagen2.jpg 1240w\" sizes=\"auto, (max-width: 394px) 100vw, 394px\" \/><\/p>\n<ul>\n<li>Subvenci\u00f3n de 9.099,00 euros para la reforma del local de la calle Valois 35 bajo derecha de Puerto de la Cruz en 2024, con cargo a las Subvenciones para la mejora de la Competitividad, la Sostenibilidad, la Creaci\u00f3n y el Crecimiento Empresarial de Canarias (L\u00ednea 2), promovida por la Consejer\u00eda de Econom\u00eda, Industria, Comercio y Aut\u00f3nomos del Gobierno de Canarias.<\/li>\n<\/ul>\n<p><img loading=\"lazy\" decoding=\"async\" class=\"\" src=\"https:\/\/oic.itccanarias.org\/wp-content\/uploads\/2023\/12\/consejeria-enonomia-industria-comercio-y-autonomos.png\" alt=\"Ayudas regionales - Observatorio Industrial de Canarias\" width=\"397\" height=\"177\" \/><\/p>\n<p><strong>CABILDO INSULAR DE TENERIFE<\/strong><\/p>\n<ul>\n<li>Empresa subvencionada por el Cabildo Insular de Tenerife (Consejer\u00eda de Industria) en la convocatoria 2025 para la subvenci\u00f3n destinada a la <strong>renovaci\u00f3n de la imagen<\/strong> de los r\u00f3tulos en los establecimientos industriales, a\u00f1o 2025.<\/li>\n<\/ul>\n<p><img loading=\"lazy\" decoding=\"async\" class=\"alignnone wp-image-468 aligncenter\" src=\"http:\/\/energyris.com\/wp-content\/uploads\/2025\/10\/Logotipo_del_Cabildo_de_Tenerife-241x300.png\" alt=\"\" width=\"115\" height=\"143\" srcset=\"https:\/\/energyris.com\/wp-content\/uploads\/2025\/10\/Logotipo_del_Cabildo_de_Tenerife-241x300.png 241w, https:\/\/energyris.com\/wp-content\/uploads\/2025\/10\/Logotipo_del_Cabildo_de_Tenerife.png 330w\" sizes=\"auto, (max-width: 115px) 100vw, 115px\" \/><\/p>\n<h3 class=\"wp-block-heading\">\u00a0<\/h3>\n<p><\/p>\n<\/div><\/section>","protected":false},"excerpt":{"rendered":"","protected":false},"author":1,"featured_media":0,"parent":0,"menu_order":0,"comment_status":"closed","ping_status":"closed","template":"","meta":{"inline_featured_image":false,"footnotes":""},"class_list":["post-465","page","type-page","status-publish","hentry"],"_links":{"self":[{"href":"https:\/\/energyris.com\/index.php\/wp-json\/wp\/v2\/pages\/465","targetHints":{"allow":["GET"]}}],"collection":[{"href":"https:\/\/energyris.com\/index.php\/wp-json\/wp\/v2\/pages"}],"about":[{"href":"https:\/\/energyris.com\/index.php\/wp-json\/wp\/v2\/types\/page"}],"author":[{"embeddable":true,"href":"https:\/\/energyris.com\/index.php\/wp-json\/wp\/v2\/users\/1"}],"replies":[{"embeddable":true,"href":"https:\/\/energyris.com\/index.php\/wp-json\/wp\/v2\/comments?post=465"}],"version-history":[{"count":11,"href":"https:\/\/energyris.com\/index.php\/wp-json\/wp\/v2\/pages\/465\/revisions"}],"predecessor-version":[{"id":481,"href":"https:\/\/energyris.com\/index.php\/wp-json\/wp\/v2\/pages\/465\/revisions\/481"}],"wp:attachment":[{"href":"https:\/\/energyris.com\/index.php\/wp-json\/wp\/v2\/media?parent=465"}],"curies":[{"name":"wp","href":"https:\/\/api.w.org\/{rel}","templated":true}]}}